{"id":126236,"date":"2021-08-12T05:48:52","date_gmt":"2021-08-12T05:48:52","guid":{"rendered":"http:\/\/decodeonlineshop.com\/wordpress\/product\/cooking-torch\/"},"modified":"2021-08-12T05:48:59","modified_gmt":"2021-08-12T05:48:59","slug":"cooking-torch","status":"publish","type":"product","link":"https:\/\/decodeonlineshop.com\/wordpress\/product\/cooking-torch\/","title":{"rendered":"COOKING TORCH"},"content":{"rendered":"","protected":false},"excerpt":{"rendered":"<p>Caramelise your desserts and cr\u00e8mes br\u00fbl\u00e9es or top them with meringue, skin tomatoes and peppers, brown meat or flamb\u00e9 scallops in no time at all.<br \/>\n\u0095 Just press button to ignite<br \/>\n\u0095 Flame is adjustable<br \/>\n\u0095 Can be refilled with lighter gas (mastrad refill F46350)<\/p>\n","protected":false},"featured_media":96764,"template":"","meta":[],"product_brand":[],"product_cat":[2389,2387,2388,1121,1050],"product_tag":[],"class_list":{"0":"post-126236","1":"product","2":"type-product","3":"status-publish","4":"has-post-thumbnail","6":"product_cat-baking-dessert-cooking-and-baking-","7":"product_cat-cooking-and-baking-","8":"product_cat-food-preparation-cooking-and-baking-","9":"product_cat-mastrad-ru","10":"product_cat-1050","12":"first","13":"instock","14":"purchasable","15":"product-type-simple"},"_links":{"self":[{"href":"https:\/\/decodeonlineshop.com\/wordpress\/wp-json\/wp\/v2\/product\/126236","targetHints":{"allow":["GET"]}}],"collection":[{"href":"https:\/\/decodeonlineshop.com\/wordpress\/wp-json\/wp\/v2\/product"}],"about":[{"href":"https:\/\/decodeonlineshop.com\/wordpress\/wp-json\/wp\/v2\/types\/product"}],"wp:featuredmedia":[{"embeddable":true,"href":"https:\/\/decodeonlineshop.com\/wordpress\/wp-json\/wp\/v2\/media\/96764"}],"wp:attachment":[{"href":"https:\/\/decodeonlineshop.com\/wordpress\/wp-json\/wp\/v2\/media?parent=126236"}],"wp:term":[{"taxonomy":"product_brand","embeddable":true,"href":"https:\/\/decodeonlineshop.com\/wordpress\/wp-json\/wp\/v2\/product_brand?post=126236"},{"taxonomy":"product_cat","embeddable":true,"href":"https:\/\/decodeonlineshop.com\/wordpress\/wp-json\/wp\/v2\/product_cat?post=126236"},{"taxonomy":"product_tag","embeddable":true,"href":"https:\/\/decodeonlineshop.com\/wordpress\/wp-json\/wp\/v2\/product_tag?post=126236"}],"curies":[{"name":"wp","href":"https:\/\/api.w.org\/{rel}","templated":true}]}}