{"id":125863,"date":"2021-08-12T05:45:31","date_gmt":"2021-08-12T05:45:31","guid":{"rendered":"http:\/\/decodeonlineshop.com\/wordpress\/product\/dorian-spiegel\/"},"modified":"2021-08-12T05:45:38","modified_gmt":"2021-08-12T05:45:38","slug":"dorian-spiegel","status":"publish","type":"product","link":"https:\/\/decodeonlineshop.com\/wordpress\/product\/dorian-spiegel\/","title":{"rendered":"Dorian Spiegel"},"content":{"rendered":"","protected":false},"excerpt":{"rendered":"<p>Rahmen Eichenfurnier dunkelbraun,<br \/>\nKristallglas, 77 x 172 cm<br \/>\n__________________________________________________<br \/>\nHintergrund:<br \/>\nDorian ist gro\u00df und schwer, sein ungew\u00f6hnlich<br \/>\nbreiter Rahmen ist leicht gew\u00f6lbt und wird mit<br \/>\nKristallglas gef\u00fcllt. dorian l\u00e4\u00dft sich l\u00e4ssig an<br \/>\ndie Wand lehnen. Die saubere, handwerkliche Arbeit<br \/>\nmit sichtbahrer Gehrung macht diesen Spiegel so<br \/>\nstabil, dass er auch l\u00e4ngs und quer geh\u00e4ngt werden<br \/>\nkann.<\/p>\n","protected":false},"featured_media":116235,"template":"","meta":[],"product_brand":[],"product_cat":[1094,2372,572],"product_tag":[],"class_list":{"0":"post-125863","1":"product","2":"type-product","3":"status-publish","4":"has-post-thumbnail","6":"product_cat-lambert-ru","7":"product_cat-mirrors-","8":"product_cat-572","10":"first","11":"instock","12":"purchasable","13":"product-type-simple"},"_links":{"self":[{"href":"https:\/\/decodeonlineshop.com\/wordpress\/wp-json\/wp\/v2\/product\/125863","targetHints":{"allow":["GET"]}}],"collection":[{"href":"https:\/\/decodeonlineshop.com\/wordpress\/wp-json\/wp\/v2\/product"}],"about":[{"href":"https:\/\/decodeonlineshop.com\/wordpress\/wp-json\/wp\/v2\/types\/product"}],"wp:featuredmedia":[{"embeddable":true,"href":"https:\/\/decodeonlineshop.com\/wordpress\/wp-json\/wp\/v2\/media\/116235"}],"wp:attachment":[{"href":"https:\/\/decodeonlineshop.com\/wordpress\/wp-json\/wp\/v2\/media?parent=125863"}],"wp:term":[{"taxonomy":"product_brand","embeddable":true,"href":"https:\/\/decodeonlineshop.com\/wordpress\/wp-json\/wp\/v2\/product_brand?post=125863"},{"taxonomy":"product_cat","embeddable":true,"href":"https:\/\/decodeonlineshop.com\/wordpress\/wp-json\/wp\/v2\/product_cat?post=125863"},{"taxonomy":"product_tag","embeddable":true,"href":"https:\/\/decodeonlineshop.com\/wordpress\/wp-json\/wp\/v2\/product_tag?post=125863"}],"curies":[{"name":"wp","href":"https:\/\/api.w.org\/{rel}","templated":true}]}}