{"id":125786,"date":"2021-08-12T05:44:50","date_gmt":"2021-08-12T05:44:50","guid":{"rendered":"http:\/\/decodeonlineshop.com\/wordpress\/product\/spencer-tablett-tisch-2-teile\/"},"modified":"2021-08-12T05:44:58","modified_gmt":"2021-08-12T05:44:58","slug":"spencer-tablett-tisch-2-teile","status":"publish","type":"product","link":"https:\/\/decodeonlineshop.com\/wordpress\/product\/spencer-tablett-tisch-2-teile\/","title":{"rendered":"Spencer Tablett-Tisch 2 Teile"},"content":{"rendered":"","protected":false},"excerpt":{"rendered":"<p>2-teilig, Stellfl\u00e4che Tablett Rochen Imitat grau,<br \/>\nRand seidenmatt schwarz, Gestell Stahl<br \/>\npulverbeschichtet schwarz,<br \/>\nTablett (556316), Unterteil (556317),<br \/>\nTablett 43 x 43 cm, H 5 cm,<br \/>\nH gesamt 67 cm<br \/>\n__________________________________________________<br \/>\nHintergrund:<br \/>\n?Mit dem gr\u00f6\u00dften Vergn\u00fcgen, K\u00f6nigliche Hoheit. Zu<br \/>\nIhren Diensten, Sir. Gewiss, mein Lord. Darf es<br \/>\nnoch etwas sein?&#8221; Willkommen in der<br \/>\nElite-Butler-School von Ivor Spencer. Oder kurz:<br \/>\nmit Spencer bieten wir Ihnen einen Tablett-Tisch,<br \/>\nder ganz besonderen Art. Die s\u00e4belf\u00f6rmigen<br \/>\nschwarzen Stahl-Beine werden durch Ledergurte<br \/>\nzusammengehalten und lassen sich ganz einfach<br \/>\nzusammenklappen und platzsparend wegr\u00e4umen,<br \/>\nw\u00e4hrend die obere Stellfl\u00e4che als Tablett dient.<br \/>\nSpencer ist im Materialmix gefertigt &#8211; aus grauem<br \/>\nRochen-Imitat und seidenmattem, schwarz veredeltem<br \/>\nStahlgestell. Und das Beste: kein einzelner Rochen<br \/>\nmusste hierf\u00fcr sein Leben lassen.<\/p>\n","protected":false},"featured_media":115942,"template":"","meta":[],"product_brand":[],"product_cat":[1094,2224,572],"product_tag":[],"class_list":{"0":"post-125786","1":"product","2":"type-product","3":"status-publish","4":"has-post-thumbnail","6":"product_cat-lambert-ru","7":"product_cat-trays-on-x-trolleys-trays-","8":"product_cat-572","10":"first","11":"instock","12":"purchasable","13":"product-type-simple"},"_links":{"self":[{"href":"https:\/\/decodeonlineshop.com\/wordpress\/wp-json\/wp\/v2\/product\/125786","targetHints":{"allow":["GET"]}}],"collection":[{"href":"https:\/\/decodeonlineshop.com\/wordpress\/wp-json\/wp\/v2\/product"}],"about":[{"href":"https:\/\/decodeonlineshop.com\/wordpress\/wp-json\/wp\/v2\/types\/product"}],"wp:featuredmedia":[{"embeddable":true,"href":"https:\/\/decodeonlineshop.com\/wordpress\/wp-json\/wp\/v2\/media\/115942"}],"wp:attachment":[{"href":"https:\/\/decodeonlineshop.com\/wordpress\/wp-json\/wp\/v2\/media?parent=125786"}],"wp:term":[{"taxonomy":"product_brand","embeddable":true,"href":"https:\/\/decodeonlineshop.com\/wordpress\/wp-json\/wp\/v2\/product_brand?post=125786"},{"taxonomy":"product_cat","embeddable":true,"href":"https:\/\/decodeonlineshop.com\/wordpress\/wp-json\/wp\/v2\/product_cat?post=125786"},{"taxonomy":"product_tag","embeddable":true,"href":"https:\/\/decodeonlineshop.com\/wordpress\/wp-json\/wp\/v2\/product_tag?post=125786"}],"curies":[{"name":"wp","href":"https:\/\/api.w.org\/{rel}","templated":true}]}}