{"id":125680,"date":"2021-08-12T05:44:00","date_gmt":"2021-08-12T05:44:00","guid":{"rendered":"http:\/\/decodeonlineshop.com\/wordpress\/product\/object-rubidoux-set-of-3\/"},"modified":"2021-08-12T05:44:06","modified_gmt":"2021-08-12T05:44:06","slug":"object-rubidoux-set-of-3","status":"publish","type":"product","link":"https:\/\/decodeonlineshop.com\/wordpress\/product\/object-rubidoux-set-of-3\/","title":{"rendered":"Object Rubidoux Set Of 3"},"content":{"rendered":"<p>Dimensions:<br \/>\nSmall \u00f8 12 x H. 32 cmMedium \u00f8 14 x H. 40 cmLarge \u00f8 17 x H. 48 cm<\/p>\n<p>Material:<br \/>\nnickel finish | white bone<\/p>\n","protected":false},"excerpt":{"rendered":"<p>Dimensions: Small \u00f8 12 x H. 32 cmMedium \u00f8 14 x H. 40 cmLarge \u00f8 17 x H. 48 cm Material: nickel finish | white bone<\/p>\n","protected":false},"featured_media":92940,"template":"","meta":[],"product_brand":[],"product_cat":[2358,2237,659,572],"product_tag":[],"class_list":{"0":"post-125680","1":"product","2":"type-product","3":"status-publish","4":"has-post-thumbnail","6":"product_cat-cabinets-accessories-","7":"product_cat-decorative-elements-","8":"product_cat-eichholtz-ru","9":"product_cat-572","11":"first","12":"instock","13":"purchasable","14":"product-type-simple"},"_links":{"self":[{"href":"https:\/\/decodeonlineshop.com\/wordpress\/wp-json\/wp\/v2\/product\/125680","targetHints":{"allow":["GET"]}}],"collection":[{"href":"https:\/\/decodeonlineshop.com\/wordpress\/wp-json\/wp\/v2\/product"}],"about":[{"href":"https:\/\/decodeonlineshop.com\/wordpress\/wp-json\/wp\/v2\/types\/product"}],"wp:featuredmedia":[{"embeddable":true,"href":"https:\/\/decodeonlineshop.com\/wordpress\/wp-json\/wp\/v2\/media\/92940"}],"wp:attachment":[{"href":"https:\/\/decodeonlineshop.com\/wordpress\/wp-json\/wp\/v2\/media?parent=125680"}],"wp:term":[{"taxonomy":"product_brand","embeddable":true,"href":"https:\/\/decodeonlineshop.com\/wordpress\/wp-json\/wp\/v2\/product_brand?post=125680"},{"taxonomy":"product_cat","embeddable":true,"href":"https:\/\/decodeonlineshop.com\/wordpress\/wp-json\/wp\/v2\/product_cat?post=125680"},{"taxonomy":"product_tag","embeddable":true,"href":"https:\/\/decodeonlineshop.com\/wordpress\/wp-json\/wp\/v2\/product_tag?post=125680"}],"curies":[{"name":"wp","href":"https:\/\/api.w.org\/{rel}","templated":true}]}}