{"id":125135,"date":"2021-08-12T05:38:51","date_gmt":"2021-08-12T05:38:51","guid":{"rendered":"http:\/\/decodeonlineshop.com\/wordpress\/product\/georgia-tischleuchte\/"},"modified":"2021-08-12T05:38:54","modified_gmt":"2021-08-12T05:38:54","slug":"georgia-tischleuchte","status":"publish","type":"product","link":"https:\/\/decodeonlineshop.com\/wordpress\/product\/georgia-tischleuchte\/","title":{"rendered":"Georgia Tischleuchte"},"content":{"rendered":"","protected":false},"excerpt":{"rendered":"<p>Fu\u00df Messing vernickelt (647.136), Schirm Lack<br \/>\nschwarz (547.136),<br \/>\nH gesamt 60 cm, Schirm D 33 cm, Fu\u00df D 20 cm<br \/>\nkein Dimmer \/ mit Halogen Energy Saving (47.576)<br \/>\ndimmbar, 70 W \/ E 27<br \/>\n__________________________________________________<br \/>\nHintergrund:<br \/>\nGeorgia ist eine Leuchte bei der klassische<br \/>\nEleganz und moderne Leichtigkeit verschmelzen. Ihr<br \/>\nvernickelter warm gl\u00e4nzender Fu\u00df schafft eine<br \/>\nwundersch\u00f6n geformte Basis f\u00fcr den innen wei\u00dfen<br \/>\nund au\u00dfen schwarzen Lackschirm. Durch den matten<br \/>\nGlanz der wei\u00dfen Innenseite wird das Licht sanft<br \/>\nreflektiert und verbreitet stimmungsvolles<br \/>\nAtmosph\u00e4re in jedem Wohnbereich.<\/p>\n","protected":false},"featured_media":114023,"template":"","meta":[],"product_brand":[],"product_cat":[1094,2333,1097],"product_tag":[],"class_list":{"0":"post-125135","1":"product","2":"type-product","3":"status-publish","4":"has-post-thumbnail","6":"product_cat-lambert-ru","7":"product_cat-table-lamps-","8":"product_cat-1097","10":"first","11":"instock","12":"purchasable","13":"product-type-simple"},"_links":{"self":[{"href":"https:\/\/decodeonlineshop.com\/wordpress\/wp-json\/wp\/v2\/product\/125135","targetHints":{"allow":["GET"]}}],"collection":[{"href":"https:\/\/decodeonlineshop.com\/wordpress\/wp-json\/wp\/v2\/product"}],"about":[{"href":"https:\/\/decodeonlineshop.com\/wordpress\/wp-json\/wp\/v2\/types\/product"}],"wp:featuredmedia":[{"embeddable":true,"href":"https:\/\/decodeonlineshop.com\/wordpress\/wp-json\/wp\/v2\/media\/114023"}],"wp:attachment":[{"href":"https:\/\/decodeonlineshop.com\/wordpress\/wp-json\/wp\/v2\/media?parent=125135"}],"wp:term":[{"taxonomy":"product_brand","embeddable":true,"href":"https:\/\/decodeonlineshop.com\/wordpress\/wp-json\/wp\/v2\/product_brand?post=125135"},{"taxonomy":"product_cat","embeddable":true,"href":"https:\/\/decodeonlineshop.com\/wordpress\/wp-json\/wp\/v2\/product_cat?post=125135"},{"taxonomy":"product_tag","embeddable":true,"href":"https:\/\/decodeonlineshop.com\/wordpress\/wp-json\/wp\/v2\/product_tag?post=125135"}],"curies":[{"name":"wp","href":"https:\/\/api.w.org\/{rel}","templated":true}]}}