{"id":125096,"date":"2021-08-12T05:38:32","date_gmt":"2021-08-12T05:38:32","guid":{"rendered":"http:\/\/decodeonlineshop.com\/wordpress\/product\/fadi-hangeleuchte-5-schirme\/"},"modified":"2021-08-12T05:38:36","modified_gmt":"2021-08-12T05:38:36","slug":"fadi-hangeleuchte-5-schirme","status":"publish","type":"product","link":"https:\/\/decodeonlineshop.com\/wordpress\/product\/fadi-hangeleuchte-5-schirme\/","title":{"rendered":"Fadi H\u00e4ngeleuchte 5 Schirme"},"content":{"rendered":"","protected":false},"excerpt":{"rendered":"<p>Soap Stone, schwarz \/ Aluminium poliert,<br \/>\nlanger Baldachin, schwarz,<br \/>\nmit Reflektorlampe 47.245 dimmbar Schirm<br \/>\nD 12 cm L gesamt ca. 110 cm<br \/>\nBaldachin 51 X 7 cm 40 W\/E 14<br \/>\n__________________________________________________<br \/>\nHintergrund:<br \/>\nTraditionelle Handwerkskunst und modernes Design<br \/>\nwurden bei Fadi perfekt vereint. Einzigartig ist<br \/>\nbei diesen Pendelleuchten die Materialkombination.<br \/>\nTiefschwarzer Speckstein und poliertes Aluminium<br \/>\nerg\u00e4nzen sich formschl\u00fcssig zu tropfenf\u00f6rmigen<br \/>\nLeuchtk\u00f6rpern. Mit einem speziell angefertigten<br \/>\nWerkzeug werden vorsichtig \u00d6ffnungen in den Stein<br \/>\ngebohrt und sp\u00e4ter in Form gefeilt und gl\u00e4nzend<br \/>\npoliert. Die drei Varianten bieten zahlreiche<br \/>\nM\u00f6glichkeiten zur Platzierung im Wohnbereich. Ob<br \/>\nals Einzellampe in kleineren R\u00e4umlichkeiten oder<br \/>\nals 5er Gruppenlampe \u00fcber Esstischen oder in hohen<br \/>\nR\u00e4umen, Fadi schafft \u00fcberall ausgezeichnete<br \/>\nLichtverh\u00e4ltnisse. Als Leuchtmittel eignet sich<br \/>\neine E14 Kerzenleuchte mit 25 Watt Leistung oder<br \/>\nf\u00fcr eine gleichm\u00e4\u00dfige Tischausleuchtung eine<br \/>\nverspiegelte Reflektorbirne mit 25 Watt Leistung.<br \/>\nDie L\u00e4nge der Kabel kann auf Wunsch angepasst<br \/>\nwerden.<\/p>\n","protected":false},"featured_media":113840,"template":"","meta":[],"product_brand":[],"product_cat":[2332,1094,1097],"product_tag":[],"class_list":{"0":"post-125096","1":"product","2":"type-product","3":"status-publish","4":"has-post-thumbnail","6":"product_cat-hanging-lamps-ceiling-lamps-","7":"product_cat-lambert-ru","8":"product_cat-1097","10":"first","11":"instock","12":"purchasable","13":"product-type-simple"},"_links":{"self":[{"href":"https:\/\/decodeonlineshop.com\/wordpress\/wp-json\/wp\/v2\/product\/125096","targetHints":{"allow":["GET"]}}],"collection":[{"href":"https:\/\/decodeonlineshop.com\/wordpress\/wp-json\/wp\/v2\/product"}],"about":[{"href":"https:\/\/decodeonlineshop.com\/wordpress\/wp-json\/wp\/v2\/types\/product"}],"wp:featuredmedia":[{"embeddable":true,"href":"https:\/\/decodeonlineshop.com\/wordpress\/wp-json\/wp\/v2\/media\/113840"}],"wp:attachment":[{"href":"https:\/\/decodeonlineshop.com\/wordpress\/wp-json\/wp\/v2\/media?parent=125096"}],"wp:term":[{"taxonomy":"product_brand","embeddable":true,"href":"https:\/\/decodeonlineshop.com\/wordpress\/wp-json\/wp\/v2\/product_brand?post=125096"},{"taxonomy":"product_cat","embeddable":true,"href":"https:\/\/decodeonlineshop.com\/wordpress\/wp-json\/wp\/v2\/product_cat?post=125096"},{"taxonomy":"product_tag","embeddable":true,"href":"https:\/\/decodeonlineshop.com\/wordpress\/wp-json\/wp\/v2\/product_tag?post=125096"}],"curies":[{"name":"wp","href":"https:\/\/api.w.org\/{rel}","templated":true}]}}