{"id":125030,"date":"2021-08-12T05:37:58","date_gmt":"2021-08-12T05:37:58","guid":{"rendered":"http:\/\/decodeonlineshop.com\/wordpress\/product\/camilo-hangeleuchte-2\/"},"modified":"2021-08-12T05:37:59","modified_gmt":"2021-08-12T05:37:59","slug":"camilo-hangeleuchte-2","status":"publish","type":"product","link":"https:\/\/decodeonlineshop.com\/wordpress\/product\/camilo-hangeleuchte-2\/","title":{"rendered":"Camilo H\u00e4ngeleuchte"},"content":{"rendered":"","protected":false},"excerpt":{"rendered":"<p>Rahmen Eisen, powder-coated schwarz,<br \/>\n4 x eingesetztes Glas klar, Innenschirm Chintz<br \/>\nwei\u00df,<br \/>\n77,5 x 30,5 cm, H 33,5 cm,<br \/>\nKetten L 100 cm,<br \/>\nmit 2 x Halogen Energy Saving (47.576) dimmbar, 70<br \/>\nW\/E 27<br \/>\n&#8211;<br \/>\nSonderl\u00e4ngen auf Anfrage<br \/>\n__________________________________________________<br \/>\nHintergrund:<br \/>\nEine alte Stall-Laterne, entdeckt auf einem<br \/>\nBauernhof in der Toscana, stand Pate bei der<br \/>\nEntwicklung von Camilo. Diese Laternen, in der<br \/>\nForm eines Trapezes aus Eisenprofil und der<br \/>\nschweren Gliederkette, waren typisch f\u00fcr das sp\u00e4te<br \/>\n18. Jahrhundert. Lambert \u00fcberarbeitete die<br \/>\nH\u00e4ngeleuchten zu zwei zeitgem\u00e4\u00dfen, modernen<br \/>\nVarianten. Die unter Glas angebrachten<br \/>\nStoffschirme verhindern st\u00f6rende Schlagschatten<br \/>\nund werfen ein angenehm, indirektes Licht.<br \/>\nBesonders \u00fcber gro\u00dfen Tafeln oder Esstischen wirkt<br \/>\ndie gro\u00dfe Camilo perfekt, wobei die kleinere<br \/>\nVariante in Flur oder K\u00fcche ihre Wirkung nicht<br \/>\nverfehlt.<\/p>\n","protected":false},"featured_media":113682,"template":"","meta":[],"product_brand":[],"product_cat":[2332,1094,1097],"product_tag":[],"class_list":{"0":"post-125030","1":"product","2":"type-product","3":"status-publish","4":"has-post-thumbnail","6":"product_cat-hanging-lamps-ceiling-lamps-","7":"product_cat-lambert-ru","8":"product_cat-1097","10":"first","11":"instock","12":"purchasable","13":"product-type-simple"},"_links":{"self":[{"href":"https:\/\/decodeonlineshop.com\/wordpress\/wp-json\/wp\/v2\/product\/125030","targetHints":{"allow":["GET"]}}],"collection":[{"href":"https:\/\/decodeonlineshop.com\/wordpress\/wp-json\/wp\/v2\/product"}],"about":[{"href":"https:\/\/decodeonlineshop.com\/wordpress\/wp-json\/wp\/v2\/types\/product"}],"wp:featuredmedia":[{"embeddable":true,"href":"https:\/\/decodeonlineshop.com\/wordpress\/wp-json\/wp\/v2\/media\/113682"}],"wp:attachment":[{"href":"https:\/\/decodeonlineshop.com\/wordpress\/wp-json\/wp\/v2\/media?parent=125030"}],"wp:term":[{"taxonomy":"product_brand","embeddable":true,"href":"https:\/\/decodeonlineshop.com\/wordpress\/wp-json\/wp\/v2\/product_brand?post=125030"},{"taxonomy":"product_cat","embeddable":true,"href":"https:\/\/decodeonlineshop.com\/wordpress\/wp-json\/wp\/v2\/product_cat?post=125030"},{"taxonomy":"product_tag","embeddable":true,"href":"https:\/\/decodeonlineshop.com\/wordpress\/wp-json\/wp\/v2\/product_tag?post=125030"}],"curies":[{"name":"wp","href":"https:\/\/api.w.org\/{rel}","templated":true}]}}