{"id":124913,"date":"2021-08-12T05:37:01","date_gmt":"2021-08-12T05:37:01","guid":{"rendered":"http:\/\/decodeonlineshop.com\/wordpress\/product\/franziskus-highboard-2\/"},"modified":"2021-08-12T05:37:04","modified_gmt":"2021-08-12T05:37:04","slug":"franziskus-highboard-2","status":"publish","type":"product","link":"https:\/\/decodeonlineshop.com\/wordpress\/product\/franziskus-highboard-2\/","title":{"rendered":"Franziskus Highboard"},"content":{"rendered":"","protected":false},"excerpt":{"rendered":"<p>Korpus mit Furnier, Eiche gek\u00e4lkt<br \/>\n4 Stahlt\u00fcren, gefl\u00e4mmt<br \/>\nH 134 cm, B 114 cm, T 38 cm<br \/>\n__________________________________________________<br \/>\nHintergrund:<br \/>\nAls Vorbild f\u00fcr diese neue Serie dienten alte<br \/>\nKlosterm\u00f6bel der sp\u00e4ten Gotik und der Renaissance,<br \/>\ndie f\u00fcr ihre Einfachheit und Zweckm\u00e4\u00dfigkeit bis<br \/>\nheute bekannt sind. Schn\u00f6rkellos und zeitlos<br \/>\npr\u00e4sentiert sich Franziskus. Das Meisterst\u00fcck<br \/>\nbildet der gro\u00dfz\u00fcgige Kabinettschrank mit seiner<br \/>\nsymmetrischen, viergeteilten M\u00f6belfront. Die<br \/>\nau\u00dfergew\u00f6hnliche Materialkomposition von k\u00fchlem,<br \/>\nglatten Metall und warmen Holz mit seiner<br \/>\nlebendigen Maserung schafft einen klaren Kontrast.<br \/>\nAuch die starken Seitenw\u00e4nde, welche an schwere,<br \/>\nmassive Holzbohlen erinnern, kontrastieren mit den<br \/>\nd\u00fcnnen Stahlplatten. Die Stahlt\u00fcren liegen mit<br \/>\neinem gro\u00dfz\u00fcgigen Abstand auf massiven Holzrahmen<br \/>\nund lassen sie optisch vor dem Korpus schweben.<br \/>\nDie T\u00fcren, wie auch die Fachb\u00f6den wurden aus hei\u00df<br \/>\ngewalztem Industriestahl gefertigt und machen<br \/>\njedes M\u00f6bel zu einem unverwechselbaren Unikat.<br \/>\nFarbunterschiede und Unregelm\u00e4\u00dfigkeiten wie<br \/>\nSchlieren auf der Oberfl\u00e4che liegen in der Natur<br \/>\ndieses Materials und lassen es unverwechselbar<br \/>\nerscheinen. Der elegante Farbverlauf auf den<br \/>\nMetalloberfl\u00e4chen changiert von metallisch ?<br \/>\nanthrazit zu einem tiefdunklen Blau und l\u00e4sst die<br \/>\nM\u00f6belfront wie ein dramatisches Gem\u00e4lde wirken.<\/p>\n","protected":false},"featured_media":113157,"template":"","meta":[],"product_brand":[],"product_cat":[2320,1094,662],"product_tag":[],"class_list":{"0":"post-124913","1":"product","2":"type-product","3":"status-publish","4":"has-post-thumbnail","6":"product_cat-buffets-cupboards-","7":"product_cat-lambert-ru","8":"product_cat-662","10":"first","11":"instock","12":"purchasable","13":"product-type-simple"},"_links":{"self":[{"href":"https:\/\/decodeonlineshop.com\/wordpress\/wp-json\/wp\/v2\/product\/124913","targetHints":{"allow":["GET"]}}],"collection":[{"href":"https:\/\/decodeonlineshop.com\/wordpress\/wp-json\/wp\/v2\/product"}],"about":[{"href":"https:\/\/decodeonlineshop.com\/wordpress\/wp-json\/wp\/v2\/types\/product"}],"wp:featuredmedia":[{"embeddable":true,"href":"https:\/\/decodeonlineshop.com\/wordpress\/wp-json\/wp\/v2\/media\/113157"}],"wp:attachment":[{"href":"https:\/\/decodeonlineshop.com\/wordpress\/wp-json\/wp\/v2\/media?parent=124913"}],"wp:term":[{"taxonomy":"product_brand","embeddable":true,"href":"https:\/\/decodeonlineshop.com\/wordpress\/wp-json\/wp\/v2\/product_brand?post=124913"},{"taxonomy":"product_cat","embeddable":true,"href":"https:\/\/decodeonlineshop.com\/wordpress\/wp-json\/wp\/v2\/product_cat?post=124913"},{"taxonomy":"product_tag","embeddable":true,"href":"https:\/\/decodeonlineshop.com\/wordpress\/wp-json\/wp\/v2\/product_tag?post=124913"}],"curies":[{"name":"wp","href":"https:\/\/api.w.org\/{rel}","templated":true}]}}