{"id":124834,"date":"2021-08-12T05:36:21","date_gmt":"2021-08-12T05:36:21","guid":{"rendered":"http:\/\/decodeonlineshop.com\/wordpress\/product\/duetto-beistelltisch-satz\/"},"modified":"2021-08-12T05:36:24","modified_gmt":"2021-08-12T05:36:24","slug":"duetto-beistelltisch-satz","status":"publish","type":"product","link":"https:\/\/decodeonlineshop.com\/wordpress\/product\/duetto-beistelltisch-satz\/","title":{"rendered":"Duetto Beistelltisch-Satz"},"content":{"rendered":"","protected":false},"excerpt":{"rendered":"<p>Tischplatte vernickelt mit Kreisgravur,<br \/>\nGestell Stahl schwarzes Finish,<br \/>\nGr\u00f6\u00dfe 1: D 35 cm, H 41 cm,<br \/>\nGr\u00f6\u00dfe 2: D 50 cm, H 51 cm,<br \/>\n1 Sa. = 2 Gr\u00f6\u00dfen, Gr\u00f6\u00dfe 1 , D 35 cm, H 41 cm \/<br \/>\nGr\u00f6\u00dfe 2: D 50 cm, H 51 cm<br \/>\n__________________________________________________<br \/>\nHintergrund:<br \/>\nBeistelltischchen k\u00f6nnen viele Funktionen im<br \/>\nWohnbereich \u00fcbernehmen, Duetto ist einer dieser<br \/>\nAllesk\u00f6nner. Neben dem Sofa nimmt er die<br \/>\nBeleuchtung auf, neben dem Bett ist er der ideale<br \/>\nNachttisch. F\u00fcr kurze Arbeiten am Laptop kann er<br \/>\n\u00fcber das Sofa oder den Sessel dicht herangezogen<br \/>\nwerden. Das Gestell ist aus Stahl gefertigt und<br \/>\nwird anschlie\u00dfend mit einem dunklen Finish<br \/>\nversehen, die Platte hat eine feine handgestochene<br \/>\nStruktur und ist hochgl\u00e4nzend vernickelt.<\/p>\n","protected":false},"featured_media":112838,"template":"","meta":[],"product_brand":[],"product_cat":[2313,1094,662],"product_tag":[],"class_list":{"0":"post-124834","1":"product","2":"type-product","3":"status-publish","4":"has-post-thumbnail","6":"product_cat-beds-nightstands-bed-benches-bench-boxes-bed-frames-headboards-bed-side-tables-","7":"product_cat-lambert-ru","8":"product_cat-662","10":"first","11":"instock","12":"purchasable","13":"product-type-simple"},"_links":{"self":[{"href":"https:\/\/decodeonlineshop.com\/wordpress\/wp-json\/wp\/v2\/product\/124834","targetHints":{"allow":["GET"]}}],"collection":[{"href":"https:\/\/decodeonlineshop.com\/wordpress\/wp-json\/wp\/v2\/product"}],"about":[{"href":"https:\/\/decodeonlineshop.com\/wordpress\/wp-json\/wp\/v2\/types\/product"}],"wp:featuredmedia":[{"embeddable":true,"href":"https:\/\/decodeonlineshop.com\/wordpress\/wp-json\/wp\/v2\/media\/112838"}],"wp:attachment":[{"href":"https:\/\/decodeonlineshop.com\/wordpress\/wp-json\/wp\/v2\/media?parent=124834"}],"wp:term":[{"taxonomy":"product_brand","embeddable":true,"href":"https:\/\/decodeonlineshop.com\/wordpress\/wp-json\/wp\/v2\/product_brand?post=124834"},{"taxonomy":"product_cat","embeddable":true,"href":"https:\/\/decodeonlineshop.com\/wordpress\/wp-json\/wp\/v2\/product_cat?post=124834"},{"taxonomy":"product_tag","embeddable":true,"href":"https:\/\/decodeonlineshop.com\/wordpress\/wp-json\/wp\/v2\/product_tag?post=124834"}],"curies":[{"name":"wp","href":"https:\/\/api.w.org\/{rel}","templated":true}]}}