{"id":124608,"date":"2021-08-12T05:34:28","date_gmt":"2021-08-12T05:34:28","guid":{"rendered":"http:\/\/decodeonlineshop.com\/wordpress\/product\/aracol-couchtisch\/"},"modified":"2021-08-12T05:34:29","modified_gmt":"2021-08-12T05:34:29","slug":"aracol-couchtisch","status":"publish","type":"product","link":"https:\/\/decodeonlineshop.com\/wordpress\/product\/aracol-couchtisch\/","title":{"rendered":"Aracol Couchtisch"},"content":{"rendered":"","protected":false},"excerpt":{"rendered":"<p>Eiche, schwarz<br \/>\nH 34 cm, 100 x 100 cm<br \/>\n__________________________________________________<br \/>\nHintergrund:<br \/>\nEin Tisch aus massivem Holz ist eine Anschaffung<br \/>\nnicht nur f\u00fcr ein Leben. Holz ist eines der<br \/>\n\u00e4ltesten vom Menschen verarbeiteten Materialien<br \/>\nund verbreitet W\u00e4rme und Wohlf\u00fchlen im h\u00e4uslichen<br \/>\nAmbiente. Massives Holz lebt mit und altert<br \/>\nsinnlich sch\u00f6n. Der neue Lambert Tisch Aracol ist<br \/>\nleicht und schwungvoll in seiner Anmutung.<br \/>\nBesondere handwerkliche Elemente machen ihn zum<br \/>\nau\u00dferordentlichen St\u00fcck. Dank einer, wie ein Bogen<br \/>\ngespannten, Edelstahlverspannung auf der<br \/>\nUnterseite kommt der Tisch ganz ohne die<br \/>\nherk\u00f6mmlichen Zargen aus und gewinnt somit noch<br \/>\nmehr an optischer Leichtigkeit ohne Stabilit\u00e4t<br \/>\neinzub\u00fc\u00dfen. Die Verbindung zwischen Tischplatte<br \/>\nund Bein ist eine handwerkliche Meisterleistung<br \/>\ndes Schreiners und zeigt einen wundersch\u00f6nen<br \/>\nKontrast der verschiedenen Maserungen des Holzes.<br \/>\nAracol wird in zwei L\u00e4ngen angeboten, ist aber auf<br \/>\nWunsch auch in anderen Gr\u00f6\u00dfen zu beziehen. Die<br \/>\nOberfl\u00e4che der H\u00f6lzer wird sehr nat\u00fcrlich, mit<br \/>\nWachs und \u00d6l, behandelt. Feuchtigkeitsflecken und<br \/>\nR\u00e4nder sollten immer schnellstm\u00f6glich entfernt<br \/>\nwerden. Ab und zu sollte der Tisch mit gutem<br \/>\nM\u00f6belwachs gepflegt werden. Massive Flecken lassen<br \/>\nsich im Nachhinein durch komplettes Abschleifen<br \/>\ndes Tisches entfernen.<\/p>\n","protected":false},"featured_media":112036,"template":"","meta":[],"product_brand":[],"product_cat":[1094,2311,662],"product_tag":[],"class_list":{"0":"post-124608","1":"product","2":"type-product","3":"status-publish","4":"has-post-thumbnail","6":"product_cat-lambert-ru","7":"product_cat-tables-desks-","8":"product_cat-662","10":"first","11":"instock","12":"purchasable","13":"product-type-simple"},"_links":{"self":[{"href":"https:\/\/decodeonlineshop.com\/wordpress\/wp-json\/wp\/v2\/product\/124608","targetHints":{"allow":["GET"]}}],"collection":[{"href":"https:\/\/decodeonlineshop.com\/wordpress\/wp-json\/wp\/v2\/product"}],"about":[{"href":"https:\/\/decodeonlineshop.com\/wordpress\/wp-json\/wp\/v2\/types\/product"}],"wp:featuredmedia":[{"embeddable":true,"href":"https:\/\/decodeonlineshop.com\/wordpress\/wp-json\/wp\/v2\/media\/112036"}],"wp:attachment":[{"href":"https:\/\/decodeonlineshop.com\/wordpress\/wp-json\/wp\/v2\/media?parent=124608"}],"wp:term":[{"taxonomy":"product_brand","embeddable":true,"href":"https:\/\/decodeonlineshop.com\/wordpress\/wp-json\/wp\/v2\/product_brand?post=124608"},{"taxonomy":"product_cat","embeddable":true,"href":"https:\/\/decodeonlineshop.com\/wordpress\/wp-json\/wp\/v2\/product_cat?post=124608"},{"taxonomy":"product_tag","embeddable":true,"href":"https:\/\/decodeonlineshop.com\/wordpress\/wp-json\/wp\/v2\/product_tag?post=124608"}],"curies":[{"name":"wp","href":"https:\/\/api.w.org\/{rel}","templated":true}]}}