{"id":121830,"date":"2021-08-12T05:02:59","date_gmt":"2021-08-12T05:02:59","guid":{"rendered":"http:\/\/decodeonlineshop.com\/wordpress\/product\/aarelaud\/"},"modified":"2021-08-12T05:03:05","modified_gmt":"2021-08-12T05:03:05","slug":"aarelaud","status":"publish","type":"product","link":"https:\/\/decodeonlineshop.com\/wordpress\/product\/aarelaud\/","title":{"rendered":"\u00c4\u00c4RELAUD"},"content":{"rendered":"<p>V\u00e4rv:<br \/>\nBlack<\/p>\n<p>Materjal:<br \/>\nAlder plywood+metal<\/p>\n<p>Tuba:<br \/>\nDiningroom, livingroom, Bedroom, office, Hall<\/p>\n<p>Special theme:<br \/>\nBlack and white<\/p>\n<p>Suurused:<br \/>\n55x40x60 cm<\/p>\n","protected":false},"excerpt":{"rendered":"<p>V\u00e4rv: Black Materjal: Alder plywood+metal Tuba: Diningroom, livingroom, Bedroom, office, Hall Special theme: Black and white Suurused: 55x40x60 cm<\/p>\n","protected":false},"featured_media":111994,"template":"","meta":[],"product_brand":[],"product_cat":[561,2020,654,660,2018,1931],"product_tag":[],"class_list":{"0":"post-121830","1":"product","2":"type-product","3":"status-publish","4":"has-post-thumbnail","6":"product_cat-aksessuaarid","7":"product_cat-beds-nightstands-bed-benches-bench-boxes-bed-frames-headboards-bed-side-tables-moobel","8":"product_cat-cote-table","9":"product_cat-moobel","10":"product_cat-tables-desks-moobel","11":"product_cat-trays-on-x-trolleys-trays-aksessuaarid","13":"first","14":"instock","15":"purchasable","16":"product-type-simple"},"_links":{"self":[{"href":"https:\/\/decodeonlineshop.com\/wordpress\/wp-json\/wp\/v2\/product\/121830","targetHints":{"allow":["GET"]}}],"collection":[{"href":"https:\/\/decodeonlineshop.com\/wordpress\/wp-json\/wp\/v2\/product"}],"about":[{"href":"https:\/\/decodeonlineshop.com\/wordpress\/wp-json\/wp\/v2\/types\/product"}],"wp:featuredmedia":[{"embeddable":true,"href":"https:\/\/decodeonlineshop.com\/wordpress\/wp-json\/wp\/v2\/media\/111994"}],"wp:attachment":[{"href":"https:\/\/decodeonlineshop.com\/wordpress\/wp-json\/wp\/v2\/media?parent=121830"}],"wp:term":[{"taxonomy":"product_brand","embeddable":true,"href":"https:\/\/decodeonlineshop.com\/wordpress\/wp-json\/wp\/v2\/product_brand?post=121830"},{"taxonomy":"product_cat","embeddable":true,"href":"https:\/\/decodeonlineshop.com\/wordpress\/wp-json\/wp\/v2\/product_cat?post=121830"},{"taxonomy":"product_tag","embeddable":true,"href":"https:\/\/decodeonlineshop.com\/wordpress\/wp-json\/wp\/v2\/product_tag?post=121830"}],"curies":[{"name":"wp","href":"https:\/\/api.w.org\/{rel}","templated":true}]}}