{"id":117804,"date":"2021-08-12T04:08:03","date_gmt":"2021-08-12T04:08:03","guid":{"rendered":"http:\/\/decodeonlineshop.com\/wordpress\/product\/tete-a-tete-tisch-2\/"},"modified":"2021-11-19T07:48:31","modified_gmt":"2021-11-19T07:48:31","slug":"tete-a-tete-tisch-2","status":"publish","type":"product","link":"https:\/\/decodeonlineshop.com\/wordpress\/product\/tete-a-tete-tisch-2\/","title":{"rendered":"T\u00eate \u00e0 T\u00eate Tisch"},"content":{"rendered":"<p>Color:<br \/>\nBlack<\/p>\n<p>Material:<br \/>\nIron<\/p>\n<p>Room:<br \/>\nDiningroom, livingroom, kitchen, balcony&#038; terrace<\/p>\n<p>Dimensions:<br \/>\n76,5&#215;41,5&#215;90 cm<\/p>\n","protected":false},"excerpt":{"rendered":"<p>T\u00eate \u00e0 T\u00eate Tisch<br \/>\nGestell Eisen schwarz lackiert,<br \/>\nPlatte Marmor gr\u00fcn,<br \/>\nH 76 cm, D 79 cm, Gestell D 56 cm<br \/>\n&#8211;<br \/>\nBitte beachten Sie, dass Eisenartikel, die<br \/>\nFeuchtigkeit ausgesetzt werden zu Korrosion<br \/>\nneigen; entfernbarer Flugrost kann sich bereits in<br \/>\nK\u00fcrze bilden.<\/p>\n","protected":false},"featured_media":117805,"template":"","meta":[],"product_brand":[],"product_cat":[29,429,28],"product_tag":[],"class_list":{"0":"post-117804","1":"product","2":"type-product","3":"status-publish","4":"has-post-thumbnail","6":"product_cat-furniture-outdoor","7":"product_cat-lambert","8":"product_cat-outdoor","10":"first","11":"instock","12":"purchasable","13":"product-type-simple"},"_links":{"self":[{"href":"https:\/\/decodeonlineshop.com\/wordpress\/wp-json\/wp\/v2\/product\/117804","targetHints":{"allow":["GET"]}}],"collection":[{"href":"https:\/\/decodeonlineshop.com\/wordpress\/wp-json\/wp\/v2\/product"}],"about":[{"href":"https:\/\/decodeonlineshop.com\/wordpress\/wp-json\/wp\/v2\/types\/product"}],"wp:featuredmedia":[{"embeddable":true,"href":"https:\/\/decodeonlineshop.com\/wordpress\/wp-json\/wp\/v2\/media\/117805"}],"wp:attachment":[{"href":"https:\/\/decodeonlineshop.com\/wordpress\/wp-json\/wp\/v2\/media?parent=117804"}],"wp:term":[{"taxonomy":"product_brand","embeddable":true,"href":"https:\/\/decodeonlineshop.com\/wordpress\/wp-json\/wp\/v2\/product_brand?post=117804"},{"taxonomy":"product_cat","embeddable":true,"href":"https:\/\/decodeonlineshop.com\/wordpress\/wp-json\/wp\/v2\/product_cat?post=117804"},{"taxonomy":"product_tag","embeddable":true,"href":"https:\/\/decodeonlineshop.com\/wordpress\/wp-json\/wp\/v2\/product_tag?post=117804"}],"curies":[{"name":"wp","href":"https:\/\/api.w.org\/{rel}","templated":true}]}}