{"id":117709,"date":"2021-08-12T04:06:44","date_gmt":"2021-08-12T04:06:44","guid":{"rendered":"http:\/\/decodeonlineshop.com\/wordpress\/product\/saint-tropez-liege\/"},"modified":"2021-11-19T07:48:26","modified_gmt":"2021-11-19T07:48:26","slug":"saint-tropez-liege","status":"publish","type":"product","link":"https:\/\/decodeonlineshop.com\/wordpress\/product\/saint-tropez-liege\/","title":{"rendered":"Saint Tropez Liege"},"content":{"rendered":"<p>Color:<br \/>\nBlack<\/p>\n<p>Material:<br \/>\nIron<\/p>\n<p>Room:<br \/>\nDiningroom, livingroom, kitchen, balcony&#038; terrace<\/p>\n<p>Dimensions:<br \/>\n76,5&#215;41,5&#215;90 cm<\/p>\n","protected":false},"excerpt":{"rendered":"<p>SunLux (Lambert Outdoorfaser) schwarz, 85 x 210 x<br \/>\n53 cm,<br \/>\nSitzbreite 66 cm, Sitztiefe 130 cm,<br \/>\nSitzh\u00f6he 32 cm, Sitzh\u00f6he 37 cm mit Auflage<br \/>\n__________________________________________________<br \/>\nHintergrund:<br \/>\nDie Faser mit der einzigartigen Eigenschaft! Die<br \/>\ngewundene Ader auf der Faseroberfl\u00e4che wurde durch<br \/>\neine spezielle Strangpresstechnik gebildet. Diese<br \/>\nTechnik ist der traditionellen Vinylkorbfaser<br \/>\n\u00fcberlegen, l\u00e4sst die M\u00f6bel nat\u00fcrlicher aussehen<br \/>\nund mit feinen Details eleganter erscheinen. Innen<br \/>\ngebildet von 5000 Denier-Polyester-Garnen und<br \/>\nau\u00dfen \u00fcberzogen mit der Polyvinylchlorverbindung.<br \/>\nMit besten Eigenschaften f\u00fcr das Klima im Freien<br \/>\nund Anforderungen an funktionelle M\u00f6bel:<br \/>\nRobustheit, Wasserbest\u00e4ndigkeit, Rei\u00dffestigkeit,<br \/>\nFlexibilit\u00e4t, Verschlei\u00dffestigkeit<br \/>\nund eine anschmiegsame Oberfl\u00e4che. Die<br \/>\nSunLux-Faser wurde von unserem Hersteller exklusiv<br \/>\nentwickelt. Es handelt sich um den gr\u00f6\u00dften<br \/>\nLieferanten f\u00fcr vinylbeschichtetes<br \/>\nPolyester-Gewebe in der ganzen Welt. Er fertigt<br \/>\n\u00e4hnliche Gewebe f\u00fcr die Gartenm\u00f6bel-Industrie seit<br \/>\nmehr als 20Jahren. Die Sonnenliege Saint Tropez<br \/>\nkann man in sechs Stufen verstellen und dank der<br \/>\nbeiden Rollen leicht bewegen.<\/p>\n","protected":false},"featured_media":117710,"template":"","meta":[],"product_brand":[],"product_cat":[29,429,28],"product_tag":[],"class_list":{"0":"post-117709","1":"product","2":"type-product","3":"status-publish","4":"has-post-thumbnail","6":"product_cat-furniture-outdoor","7":"product_cat-lambert","8":"product_cat-outdoor","10":"first","11":"instock","12":"purchasable","13":"product-type-simple"},"_links":{"self":[{"href":"https:\/\/decodeonlineshop.com\/wordpress\/wp-json\/wp\/v2\/product\/117709","targetHints":{"allow":["GET"]}}],"collection":[{"href":"https:\/\/decodeonlineshop.com\/wordpress\/wp-json\/wp\/v2\/product"}],"about":[{"href":"https:\/\/decodeonlineshop.com\/wordpress\/wp-json\/wp\/v2\/types\/product"}],"wp:featuredmedia":[{"embeddable":true,"href":"https:\/\/decodeonlineshop.com\/wordpress\/wp-json\/wp\/v2\/media\/117710"}],"wp:attachment":[{"href":"https:\/\/decodeonlineshop.com\/wordpress\/wp-json\/wp\/v2\/media?parent=117709"}],"wp:term":[{"taxonomy":"product_brand","embeddable":true,"href":"https:\/\/decodeonlineshop.com\/wordpress\/wp-json\/wp\/v2\/product_brand?post=117709"},{"taxonomy":"product_cat","embeddable":true,"href":"https:\/\/decodeonlineshop.com\/wordpress\/wp-json\/wp\/v2\/product_cat?post=117709"},{"taxonomy":"product_tag","embeddable":true,"href":"https:\/\/decodeonlineshop.com\/wordpress\/wp-json\/wp\/v2\/product_tag?post=117709"}],"curies":[{"name":"wp","href":"https:\/\/api.w.org\/{rel}","templated":true}]}}