{"id":117659,"date":"2021-08-12T04:06:44","date_gmt":"2021-08-12T04:06:44","guid":{"rendered":"http:\/\/decodeonlineshop.com\/wordpress\/product\/david-niven-tisch-rechteckig-sunlux-taupe\/"},"modified":"2021-11-19T07:48:27","modified_gmt":"2021-11-19T07:48:27","slug":"david-niven-tisch-rechteckig-sunlux-taupe","status":"publish","type":"product","link":"https:\/\/decodeonlineshop.com\/wordpress\/product\/david-niven-tisch-rechteckig-sunlux-taupe\/","title":{"rendered":"David Niven Tisch rechteckig SunLux taupe"},"content":{"rendered":"<p>Special theme:<br \/>\nthe sea<\/p>\n<p>Dimensions:<br \/>\n140 x 55.5 x 105 cm<\/p>\n","protected":false},"excerpt":{"rendered":"<p>rechteckig SunLux taupe<br \/>\nF\u00fc\u00dfe Edelstahl 130 x 65 x 44 cm<br \/>\n__________________________________________________<br \/>\nHintergrund:<br \/>\nDavid Niven hat sich dank seines zeitlosen Designs<br \/>\nzu einem Klassiker der Lambert Kollektion<br \/>\nentwickelt. Der beliebte Sessel, das Sofa 2- und<br \/>\n3-sitzig und der ausladende Diwan aus der David<br \/>\nNiven Familie sind neben naturfarbenem Borneo nun<br \/>\nauch in schwarzem oder naturfarbenem, wetterfesten<br \/>\nSunLux erh\u00e4ltlich. Die geometrisch strenge<br \/>\nFlechtstruktur dieser innovativen Synthetikfaser<br \/>\nunterstreicht auf ideale Weise die klare<br \/>\nModernit\u00e4t der gro\u00dfz\u00fcgigen Sitzm\u00f6bel. Neu und<br \/>\nausgesprochen elegant pr\u00e4sentieren sich die<br \/>\ngeradlinigen F\u00fc\u00dfe aus geb\u00fcrstetem Edelstahl.<br \/>\nErg\u00e4nzt wird die Gruppe durch einen quadratischen<br \/>\nund einen rechteckigen Beistelltisch.<\/p>\n","protected":false},"featured_media":117660,"template":"","meta":[],"product_brand":[],"product_cat":[29,429,28],"product_tag":[],"class_list":{"0":"post-117659","1":"product","2":"type-product","3":"status-publish","4":"has-post-thumbnail","6":"product_cat-furniture-outdoor","7":"product_cat-lambert","8":"product_cat-outdoor","10":"first","11":"instock","12":"purchasable","13":"product-type-simple"},"_links":{"self":[{"href":"https:\/\/decodeonlineshop.com\/wordpress\/wp-json\/wp\/v2\/product\/117659","targetHints":{"allow":["GET"]}}],"collection":[{"href":"https:\/\/decodeonlineshop.com\/wordpress\/wp-json\/wp\/v2\/product"}],"about":[{"href":"https:\/\/decodeonlineshop.com\/wordpress\/wp-json\/wp\/v2\/types\/product"}],"wp:featuredmedia":[{"embeddable":true,"href":"https:\/\/decodeonlineshop.com\/wordpress\/wp-json\/wp\/v2\/media\/117660"}],"wp:attachment":[{"href":"https:\/\/decodeonlineshop.com\/wordpress\/wp-json\/wp\/v2\/media?parent=117659"}],"wp:term":[{"taxonomy":"product_brand","embeddable":true,"href":"https:\/\/decodeonlineshop.com\/wordpress\/wp-json\/wp\/v2\/product_brand?post=117659"},{"taxonomy":"product_cat","embeddable":true,"href":"https:\/\/decodeonlineshop.com\/wordpress\/wp-json\/wp\/v2\/product_cat?post=117659"},{"taxonomy":"product_tag","embeddable":true,"href":"https:\/\/decodeonlineshop.com\/wordpress\/wp-json\/wp\/v2\/product_tag?post=117659"}],"curies":[{"name":"wp","href":"https:\/\/api.w.org\/{rel}","templated":true}]}}