{"id":116899,"date":"2021-08-12T03:49:52","date_gmt":"2021-08-12T03:49:52","guid":{"rendered":"http:\/\/decodeonlineshop.com\/wordpress\/product\/paper-weight-croydon-s-3\/"},"modified":"2021-11-19T07:49:07","modified_gmt":"2021-11-19T07:49:07","slug":"paper-weight-croydon-s-3","status":"publish","type":"product","link":"https:\/\/decodeonlineshop.com\/wordpress\/product\/paper-weight-croydon-s-3\/","title":{"rendered":"Paper Weight Croydon S\/3"},"content":{"rendered":"<p>Dimensions:<br \/>\n\u00f8. small 7,5 cm\u00f8. medium 8,5 cm\u00f8. large 11 cm<\/p>\n<p>Material:<br \/>\nglass<\/p>\n","protected":false},"excerpt":{"rendered":"<p>Dimensions: \u00f8. small 7,5 cm\u00f8. medium 8,5 cm\u00f8. large 11 cm Material: glass<\/p>\n","protected":false},"featured_media":94780,"template":"","meta":[],"product_brand":[],"product_cat":[22,405,400],"product_tag":[],"class_list":{"0":"post-116899","1":"product","2":"type-product","3":"status-publish","4":"has-post-thumbnail","6":"product_cat-accessories","7":"product_cat-decorative-elements","8":"product_cat-eichholtz","10":"first","11":"instock","12":"purchasable","13":"product-type-simple"},"_links":{"self":[{"href":"https:\/\/decodeonlineshop.com\/wordpress\/wp-json\/wp\/v2\/product\/116899","targetHints":{"allow":["GET"]}}],"collection":[{"href":"https:\/\/decodeonlineshop.com\/wordpress\/wp-json\/wp\/v2\/product"}],"about":[{"href":"https:\/\/decodeonlineshop.com\/wordpress\/wp-json\/wp\/v2\/types\/product"}],"wp:featuredmedia":[{"embeddable":true,"href":"https:\/\/decodeonlineshop.com\/wordpress\/wp-json\/wp\/v2\/media\/94780"}],"wp:attachment":[{"href":"https:\/\/decodeonlineshop.com\/wordpress\/wp-json\/wp\/v2\/media?parent=116899"}],"wp:term":[{"taxonomy":"product_brand","embeddable":true,"href":"https:\/\/decodeonlineshop.com\/wordpress\/wp-json\/wp\/v2\/product_brand?post=116899"},{"taxonomy":"product_cat","embeddable":true,"href":"https:\/\/decodeonlineshop.com\/wordpress\/wp-json\/wp\/v2\/product_cat?post=116899"},{"taxonomy":"product_tag","embeddable":true,"href":"https:\/\/decodeonlineshop.com\/wordpress\/wp-json\/wp\/v2\/product_tag?post=116899"}],"curies":[{"name":"wp","href":"https:\/\/api.w.org\/{rel}","templated":true}]}}